{"id":24710,"date":"2020-10-02T12:03:54","date_gmt":"2020-10-02T03:03:54","guid":{"rendered":"https:\/\/news.djcity.com\/jp\/?page_id=24710"},"modified":"2020-11-19T11:09:59","modified_gmt":"2020-11-19T02:09:59","slug":"membresia","status":"publish","type":"page","link":"https:\/\/news.djcity.com\/jp\/membresia\/","title":{"rendered":"Membresia"},"content":{"rendered":"<p><strong>\u00bfPor qu\u00e9 debes de tener una membres\u00eda de DJCITY?<br \/>\n<\/strong><br \/>\nEn este video encontrar\u00e1s respuesta a las siguientes preguntas<br \/>\n\u00bfQui\u00e9nes somos? \u00bfQu\u00e9 hacemos? \u00bfPor qu\u00e9 somos el r\u00e9cord pool \/ servicio de m\u00fasica DJ #1 del mundo?<\/p>\n<p>&nbsp;<\/p>\n<p><iframe loading=\"lazy\" title=\"DJcity Latino 2020\" width=\"1778\" height=\"1000\" src=\"https:\/\/www.youtube.com\/embed\/y_rtYH906Ss?feature=oembed\" frameborder=\"0\" allow=\"accelerometer; autoplay; clipboard-write; encrypted-media; gyroscope; picture-in-picture\" allowfullscreen><\/iframe><\/p>\n<p>&nbsp;<\/p>\n<p>&nbsp;<\/p>\n<h3 style=\"text-align: center;\"><strong>Adquiere ahora mismo tu membres\u00eda dando clic en \u201cSuscr\u00edbete Ahora\u201d <\/strong><\/h3>\n<p><strong><br \/>\nComo adquirir una membres\u00eda en DJCITY <\/strong><\/p>\n<p>A continuaci\u00f3n encontrar\u00e1s el paso a paso para adquirir tu membres\u00eda de DJCITY utilizando la plataforma de <strong>Ebanx <\/strong>disponible en estos pa\u00edses: BRASIL, M\u00c8XICO, ARGENTINA, CHILE, COLOMBIA, PER\u00d9, ECUADOR, BOLIVIA en el resto de pa\u00edses del mundo, tenemos disponible la opci\u00f3n por <strong>tarjeta de cr\u00e9dito<\/strong> y servicio de pago <strong>Paypal <\/strong><\/p>\n<p>&nbsp;<\/p>\n<p><iframe loading=\"lazy\" title=\"C\u00f3mo adquirir una membres\u00eda en DJcity\" width=\"1778\" height=\"1000\" src=\"https:\/\/www.youtube.com\/embed\/kfL9uR3akzQ?feature=oembed\" frameborder=\"0\" allow=\"accelerometer; autoplay; clipboard-write; encrypted-media; gyroscope; picture-in-picture\" allowfullscreen><\/iframe><\/p>\n<p>&nbsp;<\/p>\n<h3>Est\u00e1s listo para disfrutar del mejor contenido DJ, las mejores versiones <strong>intro, hypes, transiciones, acapella in\/out<\/strong>\u2026 y los <strong>remixes exclusivos<\/strong> m\u00e1s poderosos del planeta.<\/h3>\n<h3>\u00danete al Record Pool #1 del mundo, el mismo que utilizan tus artistas\/DJs favoritos. \u00a1Sube el nivel de tus Sets y no te quedes atr\u00e1s \u00a1<\/h3>\n<p>&nbsp;<\/p>\n<p>&nbsp;<\/p>\n<p><iframe loading=\"lazy\" title=\"Comercial DJcity Latino Mexico\" width=\"1778\" height=\"1000\" src=\"https:\/\/www.youtube.com\/embed\/4aqjuS_VEos?feature=oembed\" frameborder=\"0\" allow=\"accelerometer; autoplay; clipboard-write; encrypted-media; gyroscope; picture-in-picture\" allowfullscreen><\/iframe><\/p>\n","protected":false},"excerpt":{"rendered":"<p>\u00bfPor qu\u00e9 debes de tener u <a href=\"https:\/\/news.djcity.com\/jp\/membresia\/\" class=\"more-link\">&#8230;<\/a><\/p>\n","protected":false},"author":42,"featured_media":0,"parent":0,"menu_order":0,"comment_status":"closed","ping_status":"closed","template":"template-standard.php","meta":{"_exactmetrics_skip_tracking":false,"_exactmetrics_sitenote_active":false,"_exactmetrics_sitenote_note":"","_exactmetrics_sitenote_category":0,"footnotes":""},"class_list":["post-24710","page","type-page","status-publish","hentry"],"yoast_head":"<!-- This site is optimized with the Yoast SEO plugin v27.3 - https:\/\/yoast.com\/product\/yoast-seo-wordpress\/ -->\n<title>Membresia<\/title>\n<meta name=\"robots\" content=\"index, follow, max-snippet:-1, max-image-preview:large, max-video-preview:-1\" \/>\n<link rel=\"canonical\" href=\"https:\/\/news.djcity.com\/jp\/membresia\/\" \/>\n<meta property=\"og:locale\" content=\"ja_JP\" \/>\n<meta property=\"og:type\" content=\"article\" \/>\n<meta property=\"og:title\" content=\"Membresia\" \/>\n<meta property=\"og:description\" content=\"\u00bfPor qu\u00e9 debes de tener u ...\" \/>\n<meta property=\"og:url\" content=\"https:\/\/news.djcity.com\/jp\/membresia\/\" \/>\n<meta property=\"og:site_name\" content=\"DJcity Japan News - Music and news for DJs and producers\" \/>\n<meta property=\"article:publisher\" content=\"https:\/\/www.facebook.com\/djcityJP\/\" \/>\n<meta property=\"article:modified_time\" content=\"2020-11-19T02:09:59+00:00\" \/>\n<meta property=\"og:image\" content=\"https:\/\/news.djcity.com\/jp\/wp-content\/sites\/2\/djcity-fb-og.png\" \/>\n\t<meta property=\"og:image:width\" content=\"1200\" \/>\n\t<meta property=\"og:image:height\" content=\"628\" \/>\n\t<meta property=\"og:image:type\" content=\"image\/png\" \/>\n<meta name=\"twitter:card\" content=\"summary_large_image\" \/>\n<meta name=\"twitter:site\" content=\"@djcityjapan\" \/>\n<meta name=\"twitter:label1\" content=\"\u63a8\u5b9a\u8aad\u307f\u53d6\u308a\u6642\u9593\" \/>\n\t<meta name=\"twitter:data1\" content=\"1\u5206\" \/>\n<script type=\"application\/ld+json\" class=\"yoast-schema-graph\">{\"@context\":\"https:\\\/\\\/schema.org\",\"@graph\":[{\"@type\":\"WebPage\",\"@id\":\"https:\\\/\\\/news.djcity.com\\\/jp\\\/membresia\\\/\",\"url\":\"https:\\\/\\\/news.djcity.com\\\/jp\\\/membresia\\\/\",\"name\":\"Membresia\",\"isPartOf\":{\"@id\":\"https:\\\/\\\/news.djcity.com\\\/jp\\\/#website\"},\"datePublished\":\"2020-10-02T03:03:54+00:00\",\"dateModified\":\"2020-11-19T02:09:59+00:00\",\"breadcrumb\":{\"@id\":\"https:\\\/\\\/news.djcity.com\\\/jp\\\/membresia\\\/#breadcrumb\"},\"inLanguage\":\"ja\",\"potentialAction\":[{\"@type\":\"ReadAction\",\"target\":[\"https:\\\/\\\/news.djcity.com\\\/jp\\\/membresia\\\/\"]}]},{\"@type\":\"BreadcrumbList\",\"@id\":\"https:\\\/\\\/news.djcity.com\\\/jp\\\/membresia\\\/#breadcrumb\",\"itemListElement\":[{\"@type\":\"ListItem\",\"position\":1,\"name\":\"Home\",\"item\":\"https:\\\/\\\/news.djcity.com\\\/jp\\\/\"},{\"@type\":\"ListItem\",\"position\":2,\"name\":\"Membresia\"}]},{\"@type\":\"WebSite\",\"@id\":\"https:\\\/\\\/news.djcity.com\\\/jp\\\/#website\",\"url\":\"https:\\\/\\\/news.djcity.com\\\/jp\\\/\",\"name\":\"DJcity Japan News - Music and news for DJs and producers\",\"description\":\"MP3\u30c0\u30a6\u30f3\u30ed\u30fc\u30c9 \u30c7\u30b8\u30bf\u30eb\u30ec\u30b3\u30fc\u30c9\u30d7\u30fc\u30eb DJCITY JAPAN\",\"potentialAction\":[{\"@type\":\"SearchAction\",\"target\":{\"@type\":\"EntryPoint\",\"urlTemplate\":\"https:\\\/\\\/news.djcity.com\\\/jp\\\/?s={search_term_string}\"},\"query-input\":{\"@type\":\"PropertyValueSpecification\",\"valueRequired\":true,\"valueName\":\"search_term_string\"}}],\"inLanguage\":\"ja\"}]}<\/script>\n<!-- \/ Yoast SEO plugin. -->","yoast_head_json":{"title":"Membresia","robots":{"index":"index","follow":"follow","max-snippet":"max-snippet:-1","max-image-preview":"max-image-preview:large","max-video-preview":"max-video-preview:-1"},"canonical":"https:\/\/news.djcity.com\/jp\/membresia\/","og_locale":"ja_JP","og_type":"article","og_title":"Membresia","og_description":"\u00bfPor qu\u00e9 debes de tener u ...","og_url":"https:\/\/news.djcity.com\/jp\/membresia\/","og_site_name":"DJcity Japan News - Music and news for DJs and producers","article_publisher":"https:\/\/www.facebook.com\/djcityJP\/","article_modified_time":"2020-11-19T02:09:59+00:00","og_image":[{"width":1200,"height":628,"url":"https:\/\/news.djcity.com\/jp\/wp-content\/sites\/2\/djcity-fb-og.png","type":"image\/png"}],"twitter_card":"summary_large_image","twitter_site":"@djcityjapan","twitter_misc":{"\u63a8\u5b9a\u8aad\u307f\u53d6\u308a\u6642\u9593":"1\u5206"},"schema":{"@context":"https:\/\/schema.org","@graph":[{"@type":"WebPage","@id":"https:\/\/news.djcity.com\/jp\/membresia\/","url":"https:\/\/news.djcity.com\/jp\/membresia\/","name":"Membresia","isPartOf":{"@id":"https:\/\/news.djcity.com\/jp\/#website"},"datePublished":"2020-10-02T03:03:54+00:00","dateModified":"2020-11-19T02:09:59+00:00","breadcrumb":{"@id":"https:\/\/news.djcity.com\/jp\/membresia\/#breadcrumb"},"inLanguage":"ja","potentialAction":[{"@type":"ReadAction","target":["https:\/\/news.djcity.com\/jp\/membresia\/"]}]},{"@type":"BreadcrumbList","@id":"https:\/\/news.djcity.com\/jp\/membresia\/#breadcrumb","itemListElement":[{"@type":"ListItem","position":1,"name":"Home","item":"https:\/\/news.djcity.com\/jp\/"},{"@type":"ListItem","position":2,"name":"Membresia"}]},{"@type":"WebSite","@id":"https:\/\/news.djcity.com\/jp\/#website","url":"https:\/\/news.djcity.com\/jp\/","name":"DJcity Japan News - Music and news for DJs and producers","description":"MP3\u30c0\u30a6\u30f3\u30ed\u30fc\u30c9 \u30c7\u30b8\u30bf\u30eb\u30ec\u30b3\u30fc\u30c9\u30d7\u30fc\u30eb DJCITY JAPAN","potentialAction":[{"@type":"SearchAction","target":{"@type":"EntryPoint","urlTemplate":"https:\/\/news.djcity.com\/jp\/?s={search_term_string}"},"query-input":{"@type":"PropertyValueSpecification","valueRequired":true,"valueName":"search_term_string"}}],"inLanguage":"ja"}]}},"_links":{"self":[{"href":"https:\/\/news.djcity.com\/jp\/wp-json\/wp\/v2\/pages\/24710","targetHints":{"allow":["GET"]}}],"collection":[{"href":"https:\/\/news.djcity.com\/jp\/wp-json\/wp\/v2\/pages"}],"about":[{"href":"https:\/\/news.djcity.com\/jp\/wp-json\/wp\/v2\/types\/page"}],"author":[{"embeddable":true,"href":"https:\/\/news.djcity.com\/jp\/wp-json\/wp\/v2\/users\/42"}],"replies":[{"embeddable":true,"href":"https:\/\/news.djcity.com\/jp\/wp-json\/wp\/v2\/comments?post=24710"}],"version-history":[{"count":0,"href":"https:\/\/news.djcity.com\/jp\/wp-json\/wp\/v2\/pages\/24710\/revisions"}],"wp:attachment":[{"href":"https:\/\/news.djcity.com\/jp\/wp-json\/wp\/v2\/media?parent=24710"}],"curies":[{"name":"wp","href":"https:\/\/api.w.org\/{rel}","templated":true}]}}